{"id":43,"date":"2020-05-06T20:04:50","date_gmt":"2020-05-06T18:04:50","guid":{"rendered":"http:\/\/new.o2vie-distillerie.ch\/?page_id=43"},"modified":"2025-10-12T21:39:22","modified_gmt":"2025-10-12T19:39:22","slug":"portrait","status":"publish","type":"page","link":"https:\/\/o2vie-distillerie.ch\/de\/portrait\/","title":{"rendered":"\u00fcber uns"},"content":{"rendered":"<section      data-speed=\"1\" class=\"parallax_section_holder preload_background\" style = \" min-height:400px; height: auto;  background-image:url('https:\/\/i0.wp.com\/o2vie-distillerie.ch\/wp-content\/uploads\/2020\/05\/bout_ensemble.jpg?fit=960%2C638&ssl=1');\"><div class=\"parallax_content left  parallax_full_section_inner\" ><div class='parallax_section_inner_margin clearfix'><div class=\"wpb_column vc_column_container vc_col-sm-12\"><div class=\"vc_column-inner\"><div class=\"wpb_wrapper\">\n\t<div class=\"wpb_text_column wpb_content_element\">\n\t\t<div class=\"wpb_wrapper\">\n\t\t\t<p><\/p>\n\n\t\t<\/div> \n\t<\/div> <\/div><\/div><\/div><\/div><\/div><\/section><div      class=\"vc_row wpb_row section\" style=' padding-top:35px; text-align:left;'><div class=\"full_section_inner clearfix\"><div class=\"wpb_column vc_column_container vc_col-sm-12\"><div class=\"vc_column-inner\"><div class=\"wpb_wrapper\">\n\t<div class=\"wpb_text_column wpb_content_element  vc_custom_1597825291115\">\n\t\t<div class=\"wpb_wrapper\">\n\t\t\t<h2 style=\"text-align: center; font-size: 40px;\">\u00fcber uns<\/h2>\n\n\t\t<\/div> \n\t<\/div> <\/div><\/div><\/div><\/div><\/div><div id=\"range_portrait\"     class=\"vc_row wpb_row section grid_section\" style='background-color:#ffffff; padding-top:0px; padding-bottom:30px; text-align:center;'><div class=\"section_inner clearfix\"><div class='section_inner_margin clearfix'><div class=\"wpb_column vc_column_container vc_col-sm-12\"><div class=\"vc_column-inner\"><div class=\"wpb_wrapper\"><div class=\"separator  transparent\" style=\"margin-top:9px;margin-bottom:0px\"><\/div>\n\n\t<div class=\"wpb_text_column wpb_content_element  portrait_title\">\n\t\t<div class=\"wpb_wrapper\">\n\t\t\t<h4>Eine Leidenschaft f\u00fcr geschmackvolle Dinge<\/h4>\n\n\t\t<\/div> \n\t<\/div> <div class=\"separator  transparent\" style=\"border-bottom-width:20px;margin-top:0px;margin-bottom:0px\"><\/div>\n\n\t<div class=\"wpb_text_column wpb_content_element  portrait_texte\">\n\t\t<div class=\"wpb_wrapper\">\n\t\t\t<p>o2Vie, c&rsquo;est l&rsquo;histoire de deux amis de toujours guid\u00e9s par le go\u00fbt des nouveaux d\u00e9fis. Le dernier en date : la production de nos propres eaux-de-vie. C&rsquo;est dans le magnifique quartier de Glarey, \u00e0 Sierre, o\u00f9 nous avons grandi, que la passion des bonnes choses nous est parvenue. Un quartierentour\u00e9 de vignes et garni de troquets, il ne manquait qu\u2019une distillerie.<\/p>\n\n\t\t<\/div> \n\t<\/div> <div class=\"separator  transparent\" style=\"border-bottom-width:40px;margin-top:0px;margin-bottom:0px\"><\/div>\n\n\t<div class=\"wpb_text_column wpb_content_element  portrait_title\">\n\t\t<div class=\"wpb_wrapper\">\n\t\t\t<h4>Eine Mikrobrennerei zwischen Tradition und Gegenwart<\/h4>\n\n\t\t<\/div> \n\t<\/div> <div class=\"separator  transparent\" style=\"border-bottom-width:20px;margin-top:0px;margin-bottom:0px\"><\/div>\n\n\t<div class=\"wpb_text_column wpb_content_element  portrait_texte\">\n\t\t<div class=\"wpb_wrapper\">\n\t\t\t<p>Nos d\u00e9buts furent constitu\u00e9s de diverses tentatives et exp\u00e9rimentations avec un objectif : faire avancer la science. Une p\u00e9riode d\u2019apprentissage qui nous a permis d\u2019am\u00e9liorer notre technique et d\u2019exacerber notre go\u00fbt pour les distillats. C&rsquo;est en fin 2018, que nous d\u00e9cidons de cr\u00e9er notre micro-distillerie. Gr\u00e2ce aux soutiens de partenaires locaux nous parvenons, en moins d\u2019une ann\u00e9e, \u00e0 remplir les conditions n\u00e9cessaires et obtenons la licence de distillateur professionnel. 2020 marque un tournant dans notre activit\u00e9,\u00a0 nous accueillons un nouvel alli\u00e9 pr\u00e9cieux : notre alambic \u00e0 colonne.<\/p>\n\n\t\t<\/div> \n\t<\/div> <div class=\"separator  transparent\" style=\"border-bottom-width:40px;margin-top:0px;margin-bottom:0px\"><\/div>\n\n\t<div class=\"wpb_text_column wpb_content_element  portrait_title\">\n\t\t<div class=\"wpb_wrapper\">\n\t\t\t<h4>Aussergew\u00f6hnliche Rezepte<\/h4>\n\n\t\t<\/div> \n\t<\/div> <div class=\"separator  transparent\" style=\"border-bottom-width:20px;margin-top:0px;margin-bottom:0px\"><\/div>\n\n\t<div class=\"wpb_text_column wpb_content_element  portrait_texte\">\n\t\t<div class=\"wpb_wrapper\">\n\t\t\t<p>Ancr\u00e9 dans les traditions valaisannes c\u2019est naturellement que nous proposons des eaux-de-vie de fruits comme la poire Williams ou l\u2019abricot Luizet cr\u00e9es selon des proc\u00e9d\u00e9s ancestraux et adapt\u00e9s aux go\u00fbts et aux techniques de notre temps.<\/p>\n<p>Afin de compl\u00e9ter notre assortiment et de satisfaire notre curiosit\u00e9, nous nous inspirons aussi de recettes venues d\u2019autres horizons. Un gin au g\u00e9n\u00e9pi, un rhum valaisan, un gin rose\u2026.Nos recettes n&rsquo;ont de limite que notre imagination<\/p>\n\n\t\t<\/div> \n\t<\/div> <div class=\"separator  transparent\" style=\"border-bottom-width:40px;margin-top:0px;margin-bottom:0px\"><\/div>\n<div class=\"separator  transparent\" style=\"margin-top:0px;margin-bottom:0px\"><\/div>\n<\/div><\/div><\/div><\/div><\/div><\/div><div id=\"logo_rangee\"     class=\"vc_row wpb_row section grid_section\" style=' text-align:center;'><div class=\"section_inner clearfix\"><div class='section_inner_margin clearfix'><div class=\"mobile_hidden wpb_column vc_column_container vc_col-sm-2\"><div class=\"vc_column-inner\"><div class=\"wpb_wrapper\"><\/div><\/div><\/div><div class=\"wpb_column vc_column_container vc_col-sm-2\"><div class=\"vc_column-inner\"><div class=\"wpb_wrapper\">\n\t<div class=\"wpb_raw_code wpb_content_element wpb_raw_html\" >\n\t\t<div class=\"wpb_wrapper\">\n\t\t\t<!-- icon with text -->\n<a href=\"mailto:info@o2vie-distillerie.ch\" target=\"_blank\"><div class=\"eltd_icon_with_title  normal_icon center\" data-icon-hover-color=\"#e5735c\"><div class=\"icon_holder eltd_icon_animation eltd_show_animation\" style=\"margin: 0 0 0 0; transition-delay: 100ms; -webkit-transition-delay: 100ms; -moz-transition-delay: 100ms; -o-transition-delay: 100ms;\"><div class=\"icon_holder_inner\"><span class=\"eltd_icon_stack eltd_tiny_icon\" style=\"color: rgb(218, 218, 218);width: 79px;height: 79px;line-height: 79px;border-color: rgb(218, 218, 218);border-width: 0px;background-color: rgba(0, 0, 0, 0);font-size: 79px;transition: all 0.15s ease-out; -webkit-transition: all 0.15s ease-out; -moz-transition: all 0.15s ease-out; -o-transition: all 0.15s ease-out\"><i class=\"eltd_icon_linea_icon icon-basic-elaboration-smartphone-refresh icon_text_icon eltd_icon_stack_1x\" style=\"font-size: 79px;\"><\/i><\/span><\/div><\/div><div class=\"icon_text_holder\"><div class=\"icon_title_inner_holder\"><h5 class=\"icon_title\" style=\"\">Kontakt<\/h5><\/div><div class=\"icon_text_inner\" style=\"\"><p style=\"\"><\/p><\/div><\/div><\/div><\/a>\n\t\t<\/div>\n\t<\/div>\n<\/div><\/div><\/div><div class=\"wpb_column vc_column_container vc_col-sm-2\"><div class=\"vc_column-inner\"><div class=\"wpb_wrapper\">\n\t<div class=\"wpb_raw_code wpb_content_element wpb_raw_html\" >\n\t\t<div class=\"wpb_wrapper\">\n\t\t\t<a href=\"\/contact\"><div class=\"eltd_icon_with_title  normal_icon center\" data-icon-hover-color=\"#e5735c\"><div class=\"icon_holder eltd_icon_animation eltd_show_animation\" style=\"margin: 0 0 0 0; transition-delay: 100ms; -webkit-transition-delay: 100ms; -moz-transition-delay: 100ms; -o-transition-delay: 100ms;\"><div class=\"icon_holder_inner\"><span class=\"eltd_icon_stack eltd_tiny_icon\" style=\"color: rgb(218, 218, 218);width: 79px;height: 79px;line-height: 79px;border-color: rgb(218, 218, 218);border-width: 0px;background-color: rgba(0, 0, 0, 0);font-size: 79px;transition: all 0.15s ease-out; -webkit-transition: all 0.15s ease-out; -moz-transition: all 0.15s ease-out; -o-transition: all 0.15s ease-out\"><i class=\"eltd_icon_linea_icon icon-basic-geolocalize-05 icon_text_icon eltd_icon_stack_1x\" style=\"font-size: 79px;\"><\/i><\/span><\/div><\/div><div class=\"icon_text_holder\"><div class=\"icon_title_inner_holder\"><h5 class=\"icon_title\" style=\"color: #000000;margin-bottom: 8px;\">Besichtigung<\/h5><\/div><div class=\"icon_text_inner\" style=\"\"><\/div><\/div><\/div><\/a>\n\t\t<\/div>\n\t<\/div>\n<\/div><\/div><\/div><div class=\"wpb_column vc_column_container vc_col-sm-2\"><div class=\"vc_column-inner\"><div class=\"wpb_wrapper\">\n\t<div class=\"wpb_raw_code wpb_content_element wpb_raw_html\" >\n\t\t<div class=\"wpb_wrapper\">\n\t\t\t<a href=\"\/contact\"><div class=\"eltd_icon_with_title  normal_icon center\" data-icon-hover-color=\"#e5735c\"><div class=\"icon_holder eltd_icon_animation eltd_show_animation\" style=\"margin: 0 0 0 0; transition-delay: 100ms; -webkit-transition-delay: 100ms; -moz-transition-delay: 100ms; -o-transition-delay: 100ms;\"><div class=\"icon_holder_inner\"><span class=\"eltd_icon_stack eltd_tiny_icon\" style=\"color: rgb(218, 218, 218);width: 79px;height: 79px;line-height: 79px;border-color: rgb(218, 218, 218);border-width: 0px;background-color: rgba(0, 0, 0, 0);font-size: 79px;transition: all 0.15s ease-out; -webkit-transition: all 0.15s ease-out; -moz-transition: all 0.15s ease-out; -o-transition: all 0.15s ease-out\"><i class=\"eltd_icon_ion_icon ion-wineglass icon_text_icon eltd_icon_stack_1x\" style=\"font-size: 79px;\"><\/i><\/span><\/div><\/div><div class=\"icon_text_holder\"><div class=\"icon_title_inner_holder\"><h5 class=\"icon_title\" style=\"color: #000000;margin-bottom: 8px;\">Degustation<\/h5><\/div><div class=\"icon_text_inner\" style=\"\"><\/div><\/div><\/div><\/a>\n\t\t<\/div>\n\t<\/div>\n<\/div><\/div><\/div><div class=\"mobile_hidden wpb_column vc_column_container vc_col-sm-2\"><div class=\"vc_column-inner\"><div class=\"wpb_wrapper\">\n\t<div class=\"wpb_raw_code wpb_content_element wpb_raw_html\" >\n\t\t<div class=\"wpb_wrapper\">\n\t\t\t<a href=\"\/produits\"><div class=\"eltd_icon_with_title  normal_icon center\" data-icon-hover-color=\"#e5735c\"><div class=\"icon_holder eltd_icon_animation eltd_show_animation\" style=\"margin: 0 0 0 0; transition-delay: 100ms; -webkit-transition-delay: 100ms; -moz-transition-delay: 100ms; -o-transition-delay: 100ms;\"><div class=\"icon_holder_inner\"><span class=\"eltd_icon_stack eltd_tiny_icon\" style=\"color: rgb(218, 218, 218);width: 79px;height: 79px;line-height: 79px;border-color: rgb(218, 218, 218);border-width: 0px;background-color: rgba(0, 0, 0, 0);font-size: 79px;transition: all 0.15s ease-out; -webkit-transition: all 0.15s ease-out; -moz-transition: all 0.15s ease-out; -o-transition: all 0.15s ease-out\"><i class=\"eltd_icon_linea_icon icon-ecommerce-cart icon_text_icon eltd_icon_stack_1x\" style=\"font-size: 79px;\"><\/i><\/span><\/div><\/div><div class=\"icon_text_holder\"><div class=\"icon_title_inner_holder\"><h5 class=\"icon_title\" style=\"color: #000000;margin-bottom: 8px;\">Kaufen<\/h5><\/div><div class=\"icon_text_inner\" style=\"\"><\/div><\/div><\/div><\/a>\n\t\t<\/div>\n\t<\/div>\n<\/div><\/div><\/div><\/div><\/div><\/div><div      class=\"vc_row wpb_row section grid_section\" style=' text-align:center;'><div class=\"section_inner clearfix\"><div class='section_inner_margin clearfix'><div class=\"wpb_column vc_column_container vc_col-sm-12\"><div class=\"vc_column-inner vc_custom_1589481045767\"><div class=\"wpb_wrapper\">\n\t<div class=\"wpb_raw_code wpb_content_element wpb_raw_html\" >\n\t\t<div class=\"wpb_wrapper\">\n\t\t\t<div class=\"separator_holder\" style=\"display:inline-block\"><span class=\"separator\" style=\"background-color:#dadada;height:1px;width:100px;float:none;\"><\/span><\/div>\n\t\t<\/div>\n\t<\/div>\n\n\t<div class=\"wpb_text_column wpb_content_element\">\n\t\t<div class=\"wpb_wrapper\">\n\t\t\t<div class=\"wpb_text_column wpb_content_element\">\n<div class=\"wpb_wrapper\">\n<p><strong>o2Vie Distillerie<\/strong><\/p>\n<p>Rue de Glarey 13<\/p>\n<p>CH \u2013 3960 Sierre<\/p>\n<p>Suisse<\/p>\n<\/div>\n<\/div>\n<div class=\"wpb_text_column wpb_content_element\">\n<div class=\"wpb_wrapper\">\n<p><a href=\"mailto:info@o2vie-distillerie.ch\">info@o2vie-distillerie.ch<\/a><\/p>\n<p>Florian: <a href=\"tel:0041788176290\">+4178\/817.62.90<\/a><br \/>\nS\u00e9bastien: <a href=\"tel:0041797230031\">+4179\/723.00.31<\/a><\/p>\n<\/div>\n<\/div>\n\n\t\t<\/div> \n\t<\/div> <\/div><\/div><\/div><\/div><\/div><\/div>","protected":false},"excerpt":{"rendered":"Portrait La passion des bonnes choses o2Vie, c'est l'histoire de deux amis de toujours guid\u00e9s par le go\u00fbt des nouveaux d\u00e9fis. Le dernier en date : la production de nos propres eaux-de-vie. C'est dans le magnifique quartier de Glarey, \u00e0 Sierre, o\u00f9 nous avons grandi,...","protected":false},"author":1,"featured_media":0,"parent":0,"menu_order":0,"comment_status":"closed","ping_status":"closed","template":"full_width.php","meta":{"footnotes":""},"class_list":["post-43","page","type-page","status-publish","hentry"],"jetpack_sharing_enabled":true,"_links":{"self":[{"href":"https:\/\/o2vie-distillerie.ch\/de\/wp-json\/wp\/v2\/pages\/43","targetHints":{"allow":["GET"]}}],"collection":[{"href":"https:\/\/o2vie-distillerie.ch\/de\/wp-json\/wp\/v2\/pages"}],"about":[{"href":"https:\/\/o2vie-distillerie.ch\/de\/wp-json\/wp\/v2\/types\/page"}],"author":[{"embeddable":true,"href":"https:\/\/o2vie-distillerie.ch\/de\/wp-json\/wp\/v2\/users\/1"}],"replies":[{"embeddable":true,"href":"https:\/\/o2vie-distillerie.ch\/de\/wp-json\/wp\/v2\/comments?post=43"}],"version-history":[{"count":96,"href":"https:\/\/o2vie-distillerie.ch\/de\/wp-json\/wp\/v2\/pages\/43\/revisions"}],"predecessor-version":[{"id":5826,"href":"https:\/\/o2vie-distillerie.ch\/de\/wp-json\/wp\/v2\/pages\/43\/revisions\/5826"}],"wp:attachment":[{"href":"https:\/\/o2vie-distillerie.ch\/de\/wp-json\/wp\/v2\/media?parent=43"}],"curies":[{"name":"wp","href":"https:\/\/api.w.org\/{rel}","templated":true}]}}