{"id":203,"date":"2020-05-17T17:58:19","date_gmt":"2020-05-17T15:58:19","guid":{"rendered":"http:\/\/new.o2vie-distillerie.ch\/produit\/import-placeholder-for-4264\/"},"modified":"2025-12-15T22:13:23","modified_gmt":"2025-12-15T21:13:23","slug":"eau-de-vie-dabricot","status":"publish","type":"product","link":"https:\/\/o2vie-distillerie.ch\/de\/fr\/produits\/eau-de-vie-dabricot\/","title":{"rendered":"Eau-de-vie d&rsquo;abricot"},"content":{"rendered":"<p>Cette eau-de-vie de caract\u00e8re a \u00e9t\u00e9 produite de fa\u00e7on artisanale, de l\u2019arbre \u00e0 la bouteille.<\/p>\n<p>Nach dem Brennvorgang mit einer Destillierkolonne wird der Alkoholgehalt auf 41% vol reduziert.<\/p>\n<p>G\u00e9n\u00e9reux, ce distillat s\u00e9duit gr\u00e2ce \u00e0 toute la fraicheur et la vigueur de l&rsquo;abricot. Un digestif par excellence.<\/p>\n<p>Auch als Milder Brand erh\u00e4ltlich.<\/p>\n<p>&nbsp;<\/p>\n<p>&nbsp;<\/p>","protected":false},"excerpt":{"rendered":"<p>Cette eau-de-vie de caract\u00e8re a \u00e9t\u00e9 produite de fa\u00e7on artisanale, de l\u2019arbre \u00e0 la bouteille. Apr\u00e8s distillation dans un alambic \u00e0 colonne, le taux d\u2019alcool \u00a0a \u00e9t\u00e9 r\u00e9duit \u00e0 41% vol. G\u00e9n\u00e9reux, ce distillat s\u00e9duit gr\u00e2ce \u00e0 toute la fraicheur et la vigueur de l&rsquo;abricot&#8230;.<\/p>","protected":false},"featured_media":5384,"template":"","meta":[],"product_brand":[],"product_cat":[18],"product_tag":[],"class_list":{"0":"post-203","1":"product","2":"type-product","3":"status-publish","4":"has-post-thumbnail","6":"product_cat-les-eaux-de-vies","8":"first","9":"instock","10":"shipping-taxable","11":"purchasable","12":"product-type-simple"},"jetpack_sharing_enabled":true,"_links":{"self":[{"href":"https:\/\/o2vie-distillerie.ch\/de\/wp-json\/wp\/v2\/product\/203","targetHints":{"allow":["GET"]}}],"collection":[{"href":"https:\/\/o2vie-distillerie.ch\/de\/wp-json\/wp\/v2\/product"}],"about":[{"href":"https:\/\/o2vie-distillerie.ch\/de\/wp-json\/wp\/v2\/types\/product"}],"wp:featuredmedia":[{"embeddable":true,"href":"https:\/\/o2vie-distillerie.ch\/de\/wp-json\/wp\/v2\/media\/5384"}],"wp:attachment":[{"href":"https:\/\/o2vie-distillerie.ch\/de\/wp-json\/wp\/v2\/media?parent=203"}],"wp:term":[{"taxonomy":"product_brand","embeddable":true,"href":"https:\/\/o2vie-distillerie.ch\/de\/wp-json\/wp\/v2\/product_brand?post=203"},{"taxonomy":"product_cat","embeddable":true,"href":"https:\/\/o2vie-distillerie.ch\/de\/wp-json\/wp\/v2\/product_cat?post=203"},{"taxonomy":"product_tag","embeddable":true,"href":"https:\/\/o2vie-distillerie.ch\/de\/wp-json\/wp\/v2\/product_tag?post=203"}],"curies":[{"name":"wp","href":"https:\/\/api.w.org\/{rel}","templated":true}]}}