{"id":204,"date":"2020-05-17T17:58:19","date_gmt":"2020-05-17T15:58:19","guid":{"rendered":"http:\/\/new.o2vie-distillerie.ch\/produit\/import-placeholder-for-4265\/"},"modified":"2025-12-04T10:56:09","modified_gmt":"2025-12-04T09:56:09","slug":"eau-de-vie-de-poire","status":"publish","type":"product","link":"https:\/\/o2vie-distillerie.ch\/de\/fr\/produits\/eau-de-vie-de-poire\/","title":{"rendered":"Birnenbrand"},"content":{"rendered":"<p>Cette eau-de-vie harmonieuse a \u00e9t\u00e9 produite de fa\u00e7on artisanale, de l\u2019arbre \u00e0 la bouteille, uniquement \u00e0 partir de poires de la vari\u00e9t\u00e9 Williams.<\/p>\n<p>Nach dem Brennvorgang mit einer Destillierkolonne wird der Alkoholgehalt auf 42% vol reduziert.<\/p>\n<p>Geschmeidig und fruchtig, verbreitet dieses Destillat die ganze Finesse und S\u00fcsse der Williams-Birne. Geeignet als Digestiv oder als Cocktails.<\/p>\n<p>&nbsp;<\/p>\n<p>Auch als Milder Brand erh\u00e4ltlich.<\/p>","protected":false},"excerpt":{"rendered":"<p>Cette eau-de-vie harmonieuse a \u00e9t\u00e9 produite de fa\u00e7on artisanale, de l\u2019arbre \u00e0 la bouteille, uniquement \u00e0 partir de poires de la vari\u00e9t\u00e9 Williams. Apr\u00e8s distillation dans un alambic \u00e0 colonne, le taux d\u2019alcool a \u00e9t\u00e9 r\u00e9duit \u00e0 42.6% vol. Souple et fruit\u00e9, ce distillat diffuse&#8230;<\/p>","protected":false},"featured_media":5383,"template":"","meta":[],"product_brand":[],"product_cat":[18],"product_tag":[],"class_list":{"0":"post-204","1":"product","2":"type-product","3":"status-publish","4":"has-post-thumbnail","6":"product_cat-les-eaux-de-vies","8":"first","9":"instock","10":"shipping-taxable","11":"purchasable","12":"product-type-simple"},"jetpack_sharing_enabled":true,"_links":{"self":[{"href":"https:\/\/o2vie-distillerie.ch\/de\/wp-json\/wp\/v2\/product\/204","targetHints":{"allow":["GET"]}}],"collection":[{"href":"https:\/\/o2vie-distillerie.ch\/de\/wp-json\/wp\/v2\/product"}],"about":[{"href":"https:\/\/o2vie-distillerie.ch\/de\/wp-json\/wp\/v2\/types\/product"}],"wp:featuredmedia":[{"embeddable":true,"href":"https:\/\/o2vie-distillerie.ch\/de\/wp-json\/wp\/v2\/media\/5383"}],"wp:attachment":[{"href":"https:\/\/o2vie-distillerie.ch\/de\/wp-json\/wp\/v2\/media?parent=204"}],"wp:term":[{"taxonomy":"product_brand","embeddable":true,"href":"https:\/\/o2vie-distillerie.ch\/de\/wp-json\/wp\/v2\/product_brand?post=204"},{"taxonomy":"product_cat","embeddable":true,"href":"https:\/\/o2vie-distillerie.ch\/de\/wp-json\/wp\/v2\/product_cat?post=204"},{"taxonomy":"product_tag","embeddable":true,"href":"https:\/\/o2vie-distillerie.ch\/de\/wp-json\/wp\/v2\/product_tag?post=204"}],"curies":[{"name":"wp","href":"https:\/\/api.w.org\/{rel}","templated":true}]}}