{"id":205,"date":"2020-05-17T17:58:19","date_gmt":"2020-05-17T15:58:19","guid":{"rendered":"http:\/\/new.o2vie-distillerie.ch\/produit\/import-placeholder-for-4266\/"},"modified":"2025-12-15T22:13:56","modified_gmt":"2025-12-15T21:13:56","slug":"eau-de-vie-de-prune-ambree","status":"publish","type":"product","link":"https:\/\/o2vie-distillerie.ch\/de\/fr\/produits\/eau-de-vie-de-prune-ambree\/","title":{"rendered":"Zwetschgenbrand - Amber"},"content":{"rendered":"<p>Cette eau-de-vie ambr\u00e9e a \u00e9t\u00e9 produite de fa\u00e7on artisanale, de l\u2019arbre \u00e0 la bouteille, uniquement \u00e0 partir de prunes Fellenberg.<\/p>\n<p>Apr\u00e8s distillation dans un alambic \u00e0 colonne, le taux d\u2019alcool a \u00e9t\u00e9 r\u00e9duit \u00e0 43.1% vol. Ce distillat profite d&rsquo;un l\u00e9ger vieillissement afin d\u2019arrondir ses ar\u00f4mes.<\/p>\n<p>Wird als Digestif gesch\u00e4tzt. Parf\u00fcmiert Ihre Desserts mit Eleganz.<\/p>","protected":false},"excerpt":{"rendered":"<p>Cette eau-de-vie ambr\u00e9e a \u00e9t\u00e9 produite de fa\u00e7on artisanale, de l\u2019arbre \u00e0 la bouteille, uniquement \u00e0 partir de prunes Fellenberg. Apr\u00e8s distillation dans un alambic \u00e0 colonne, le taux d\u2019alcool a \u00e9t\u00e9 r\u00e9duit \u00e0 43.1% vol. Ce distillat profite d&rsquo;un l\u00e9ger vieillissement afin d\u2019arrondir ses&#8230;<\/p>","protected":false},"featured_media":343,"template":"","meta":[],"product_brand":[],"product_cat":[31,18],"product_tag":[],"class_list":{"0":"post-205","1":"product","2":"type-product","3":"status-publish","4":"has-post-thumbnail","6":"product_cat-ambrees","7":"product_cat-les-eaux-de-vies","9":"first","10":"instock","11":"shipping-taxable","12":"purchasable","13":"product-type-simple"},"jetpack_sharing_enabled":true,"_links":{"self":[{"href":"https:\/\/o2vie-distillerie.ch\/de\/wp-json\/wp\/v2\/product\/205","targetHints":{"allow":["GET"]}}],"collection":[{"href":"https:\/\/o2vie-distillerie.ch\/de\/wp-json\/wp\/v2\/product"}],"about":[{"href":"https:\/\/o2vie-distillerie.ch\/de\/wp-json\/wp\/v2\/types\/product"}],"wp:featuredmedia":[{"embeddable":true,"href":"https:\/\/o2vie-distillerie.ch\/de\/wp-json\/wp\/v2\/media\/343"}],"wp:attachment":[{"href":"https:\/\/o2vie-distillerie.ch\/de\/wp-json\/wp\/v2\/media?parent=205"}],"wp:term":[{"taxonomy":"product_brand","embeddable":true,"href":"https:\/\/o2vie-distillerie.ch\/de\/wp-json\/wp\/v2\/product_brand?post=205"},{"taxonomy":"product_cat","embeddable":true,"href":"https:\/\/o2vie-distillerie.ch\/de\/wp-json\/wp\/v2\/product_cat?post=205"},{"taxonomy":"product_tag","embeddable":true,"href":"https:\/\/o2vie-distillerie.ch\/de\/wp-json\/wp\/v2\/product_tag?post=205"}],"curies":[{"name":"wp","href":"https:\/\/api.w.org\/{rel}","templated":true}]}}