{"id":206,"date":"2020-05-17T17:58:19","date_gmt":"2020-05-17T15:58:19","guid":{"rendered":"http:\/\/new.o2vie-distillerie.ch\/produit\/import-placeholder-for-4267\/"},"modified":"2025-12-15T22:18:47","modified_gmt":"2025-12-15T21:18:47","slug":"abricot-luizet-la-douce","status":"publish","type":"product","link":"https:\/\/o2vie-distillerie.ch\/de\/fr\/produits\/abricot-luizet-la-douce\/","title":{"rendered":"Abricot &#8211; La Douce"},"content":{"rendered":"<p>Cette liqueur \u00e0 base d&rsquo;eau-de-vie a \u00e9t\u00e9 produite de fa\u00e7on artisanale de l\u2019arbre \u00e0 la bouteille, uniquement \u00e0 partir d&rsquo;abricots.<\/p>\n<p>Nach dem Brennvorgang mit einer Destillierkolonne wird der Alkoholgehalt auf 30% vol reduziert.<\/p>","protected":false},"excerpt":{"rendered":"<p>Cette liqueur \u00e0 base d&rsquo;eau-de-vie a \u00e9t\u00e9 produite de fa\u00e7on artisanale de l\u2019arbre \u00e0 la bouteille, uniquement \u00e0 partir d&rsquo;abricots. Apr\u00e8s distillation dans un alambic \u00e0 colonne, le taux d\u2019alcool a \u00e9t\u00e9 r\u00e9duit \u00e0 30% vol.<\/p>","protected":false},"featured_media":5386,"template":"","meta":[],"product_brand":[],"product_cat":[19],"product_tag":[],"class_list":{"0":"post-206","1":"product","2":"type-product","3":"status-publish","4":"has-post-thumbnail","6":"product_cat-les-douces","8":"first","9":"instock","10":"shipping-taxable","11":"purchasable","12":"product-type-simple"},"jetpack_sharing_enabled":true,"_links":{"self":[{"href":"https:\/\/o2vie-distillerie.ch\/de\/wp-json\/wp\/v2\/product\/206","targetHints":{"allow":["GET"]}}],"collection":[{"href":"https:\/\/o2vie-distillerie.ch\/de\/wp-json\/wp\/v2\/product"}],"about":[{"href":"https:\/\/o2vie-distillerie.ch\/de\/wp-json\/wp\/v2\/types\/product"}],"wp:featuredmedia":[{"embeddable":true,"href":"https:\/\/o2vie-distillerie.ch\/de\/wp-json\/wp\/v2\/media\/5386"}],"wp:attachment":[{"href":"https:\/\/o2vie-distillerie.ch\/de\/wp-json\/wp\/v2\/media?parent=206"}],"wp:term":[{"taxonomy":"product_brand","embeddable":true,"href":"https:\/\/o2vie-distillerie.ch\/de\/wp-json\/wp\/v2\/product_brand?post=206"},{"taxonomy":"product_cat","embeddable":true,"href":"https:\/\/o2vie-distillerie.ch\/de\/wp-json\/wp\/v2\/product_cat?post=206"},{"taxonomy":"product_tag","embeddable":true,"href":"https:\/\/o2vie-distillerie.ch\/de\/wp-json\/wp\/v2\/product_tag?post=206"}],"curies":[{"name":"wp","href":"https:\/\/api.w.org\/{rel}","templated":true}]}}