{"id":209,"date":"2020-05-17T17:58:20","date_gmt":"2020-05-17T15:58:20","guid":{"rendered":"http:\/\/new.o2vie-distillerie.ch\/produit\/import-placeholder-for-5000\/"},"modified":"2025-12-15T22:12:59","modified_gmt":"2025-12-15T21:12:59","slug":"gin-au-genepi","status":"publish","type":"product","link":"https:\/\/o2vie-distillerie.ch\/de\/fr\/produits\/gin-au-genepi\/","title":{"rendered":"G\u00e9n\u00e9pi Gin"},"content":{"rendered":"<p>Ce \u201cDistilled Dry Gin\u201d est produit artisanalement. Les 11 ingr\u00e9dients qui le composent, dont le l\u00e9gendaire g\u00e9n\u00e9pi des Alpes, offrent leur caract\u00e8re dans un subtil \u00e9quilibre.<\/p>\n<p>Der Brennvorgang erfolgt in einem traditionellen Destillierkolben. Anschliessend wird der Gin auf 45% Vol. reduziert, damit er sein Aroma voll entfalten kann.<\/p>\n<p class=\" translation-block\">Unsere Empfehlung: \nDieser elegante Gin geniessen Sie am besten pur oder mit einem leichten, hausgemachten Tonic. Frei nach dem Motto: \u201eDie Varianten den Gin zu pimpen, werden nur durch Ihre Fantasie begrenzt\u201c, legen Sie mal ein Rosmarinzweig ins Glas - und entdecken Sie die aussergew\u00f6hnliche gr\u00fcne Note unseres Gins.<\/p>","protected":false},"excerpt":{"rendered":"<p>Ce \u201cDistilled Dry Gin\u201d est produit artisanalement. Les 11 ingr\u00e9dients qui le composent, dont le l\u00e9gendaire g\u00e9n\u00e9pi des Alpes, offrent leur caract\u00e8re dans un subtil \u00e9quilibre. Apr\u00e8s distillation dans un alambic traditionnel, le gin est r\u00e9duit \u00e0 45% vol. afin de valoriser tout son ar\u00f4me&#8230;.<\/p>","protected":false},"featured_media":5405,"template":"","meta":[],"product_brand":[],"product_cat":[20],"product_tag":[],"class_list":{"0":"post-209","1":"product","2":"type-product","3":"status-publish","4":"has-post-thumbnail","6":"product_cat-les-gins","8":"first","9":"instock","10":"shipping-taxable","11":"purchasable","12":"product-type-simple"},"jetpack_sharing_enabled":true,"_links":{"self":[{"href":"https:\/\/o2vie-distillerie.ch\/de\/wp-json\/wp\/v2\/product\/209","targetHints":{"allow":["GET"]}}],"collection":[{"href":"https:\/\/o2vie-distillerie.ch\/de\/wp-json\/wp\/v2\/product"}],"about":[{"href":"https:\/\/o2vie-distillerie.ch\/de\/wp-json\/wp\/v2\/types\/product"}],"wp:featuredmedia":[{"embeddable":true,"href":"https:\/\/o2vie-distillerie.ch\/de\/wp-json\/wp\/v2\/media\/5405"}],"wp:attachment":[{"href":"https:\/\/o2vie-distillerie.ch\/de\/wp-json\/wp\/v2\/media?parent=209"}],"wp:term":[{"taxonomy":"product_brand","embeddable":true,"href":"https:\/\/o2vie-distillerie.ch\/de\/wp-json\/wp\/v2\/product_brand?post=209"},{"taxonomy":"product_cat","embeddable":true,"href":"https:\/\/o2vie-distillerie.ch\/de\/wp-json\/wp\/v2\/product_cat?post=209"},{"taxonomy":"product_tag","embeddable":true,"href":"https:\/\/o2vie-distillerie.ch\/de\/wp-json\/wp\/v2\/product_tag?post=209"}],"curies":[{"name":"wp","href":"https:\/\/api.w.org\/{rel}","templated":true}]}}