{"id":444,"date":"2020-06-02T20:26:01","date_gmt":"2020-06-02T18:26:01","guid":{"rendered":"http:\/\/new.o2vie-distillerie.ch\/?post_type=product&#038;p=444"},"modified":"2025-12-15T22:12:20","modified_gmt":"2025-12-15T21:12:20","slug":"liqueur-de-genepi","status":"publish","type":"product","link":"https:\/\/o2vie-distillerie.ch\/de\/fr\/produits\/liqueur-de-genepi\/","title":{"rendered":"G\u00e9n\u00e9pi Lik\u00f6r"},"content":{"rendered":"<p>Dieser Genepi-Lik\u00f6r wurde auf handwerkliche Weise geschaffen.<\/p>\n<p>Elle est \u00e9labor\u00e9e selon une recette traditionnelle avec des herbes de grande qualit\u00e9.<\/p>","protected":false},"excerpt":{"rendered":"<p>Cette liqueur au g\u00e9n\u00e9pi a \u00e9t\u00e9 produite de fa\u00e7on artisanale. Elle est \u00e9labor\u00e9e selon une recette traditionnelle avec des herbes de grande qualit\u00e9.<\/p>","protected":false},"featured_media":5392,"template":"","meta":[],"product_brand":[],"product_cat":[32],"product_tag":[],"class_list":{"0":"post-444","1":"product","2":"type-product","3":"status-publish","4":"has-post-thumbnail","6":"product_cat-liqueurs","8":"first","9":"instock","10":"shipping-taxable","11":"purchasable","12":"product-type-simple"},"jetpack_sharing_enabled":true,"_links":{"self":[{"href":"https:\/\/o2vie-distillerie.ch\/de\/wp-json\/wp\/v2\/product\/444","targetHints":{"allow":["GET"]}}],"collection":[{"href":"https:\/\/o2vie-distillerie.ch\/de\/wp-json\/wp\/v2\/product"}],"about":[{"href":"https:\/\/o2vie-distillerie.ch\/de\/wp-json\/wp\/v2\/types\/product"}],"wp:featuredmedia":[{"embeddable":true,"href":"https:\/\/o2vie-distillerie.ch\/de\/wp-json\/wp\/v2\/media\/5392"}],"wp:attachment":[{"href":"https:\/\/o2vie-distillerie.ch\/de\/wp-json\/wp\/v2\/media?parent=444"}],"wp:term":[{"taxonomy":"product_brand","embeddable":true,"href":"https:\/\/o2vie-distillerie.ch\/de\/wp-json\/wp\/v2\/product_brand?post=444"},{"taxonomy":"product_cat","embeddable":true,"href":"https:\/\/o2vie-distillerie.ch\/de\/wp-json\/wp\/v2\/product_cat?post=444"},{"taxonomy":"product_tag","embeddable":true,"href":"https:\/\/o2vie-distillerie.ch\/de\/wp-json\/wp\/v2\/product_tag?post=444"}],"curies":[{"name":"wp","href":"https:\/\/api.w.org\/{rel}","templated":true}]}}