{"id":5529,"date":"2021-06-28T14:12:44","date_gmt":"2021-06-28T12:12:44","guid":{"rendered":"https:\/\/o2vie-distillerie.ch\/?post_type=product&#038;p=5529"},"modified":"2025-12-15T22:14:51","modified_gmt":"2025-12-15T21:14:51","slug":"gin-rose","status":"publish","type":"product","link":"https:\/\/o2vie-distillerie.ch\/de\/fr\/produits\/gin-rose\/","title":{"rendered":"Gin Rose"},"content":{"rendered":"<p>Ce \u201cDistilled Dry Gin\u201d aromatis\u00e9 aux baies rouges est produit artisanalement. Issue de notre fantaisie, il est \u00e9labor\u00e9 selon notre recette originale \u00e0 base de 12 ingr\u00e9dients de grande qualit\u00e9 afin de nous offrir des saveurs florales et \u00e9quilibr\u00e9es.<\/p>\n<p>Der Brennvorgang erfolgt in einem traditionellen Destillierkolben. Anschliessend wird der Gin auf 45% Vol. reduziert, damit er sein Aroma voll entfalten kann.<\/p>\n<p>&nbsp;<\/p>\n<p>Unsere Empfehlung:<br \/>\nCe gin \u00e9l\u00e9gant se d\u00e9guste id\u00e9alement pur ou associ\u00e9 \u00e0 un tonic l\u00e9ger et fait maison. Les accords avec ce gin fruit\u00e9 n&rsquo;auront pour limite que votre imagination.<\/p>","protected":false},"excerpt":{"rendered":"<p>Ce \u201cDistilled Dry Gin\u201d aromatis\u00e9 aux baies rouges est produit artisanalement. Issue de notre fantaisie, il est \u00e9labor\u00e9 selon notre recette originale \u00e0 base de 12 ingr\u00e9dients de grande qualit\u00e9 afin de nous offrir des saveurs florales et \u00e9quilibr\u00e9es. Apr\u00e8s distillation dans un alambic traditionnel,&#8230;<\/p>","protected":false},"featured_media":5532,"template":"","meta":[],"product_brand":[],"product_cat":[20],"product_tag":[65],"class_list":{"0":"post-5529","1":"product","2":"type-product","3":"status-publish","4":"has-post-thumbnail","6":"product_cat-les-gins","7":"product_tag-gin","9":"first","10":"onbackorder","11":"shipping-taxable","12":"purchasable","13":"product-type-simple"},"jetpack_sharing_enabled":true,"_links":{"self":[{"href":"https:\/\/o2vie-distillerie.ch\/de\/wp-json\/wp\/v2\/product\/5529","targetHints":{"allow":["GET"]}}],"collection":[{"href":"https:\/\/o2vie-distillerie.ch\/de\/wp-json\/wp\/v2\/product"}],"about":[{"href":"https:\/\/o2vie-distillerie.ch\/de\/wp-json\/wp\/v2\/types\/product"}],"wp:featuredmedia":[{"embeddable":true,"href":"https:\/\/o2vie-distillerie.ch\/de\/wp-json\/wp\/v2\/media\/5532"}],"wp:attachment":[{"href":"https:\/\/o2vie-distillerie.ch\/de\/wp-json\/wp\/v2\/media?parent=5529"}],"wp:term":[{"taxonomy":"product_brand","embeddable":true,"href":"https:\/\/o2vie-distillerie.ch\/de\/wp-json\/wp\/v2\/product_brand?post=5529"},{"taxonomy":"product_cat","embeddable":true,"href":"https:\/\/o2vie-distillerie.ch\/de\/wp-json\/wp\/v2\/product_cat?post=5529"},{"taxonomy":"product_tag","embeddable":true,"href":"https:\/\/o2vie-distillerie.ch\/de\/wp-json\/wp\/v2\/product_tag?post=5529"}],"curies":[{"name":"wp","href":"https:\/\/api.w.org\/{rel}","templated":true}]}}