{"id":5570,"date":"2021-11-30T21:46:40","date_gmt":"2021-11-30T20:46:40","guid":{"rendered":"https:\/\/o2vie-distillerie.ch\/?post_type=product&#038;p=5570"},"modified":"2021-11-30T21:50:15","modified_gmt":"2021-11-30T20:50:15","slug":"coffret-en-bois","status":"publish","type":"product","link":"https:\/\/o2vie-distillerie.ch\/de\/fr\/produits\/coffret-en-bois\/","title":{"rendered":"Holzbox"},"content":{"rendered":"<p>Holzbox aus OSB (leer)<\/p>\n<p>Ideal f\u00fcr ein vorausgew\u00e4hltes Assortiment von 2 oder 3 x 50cl Flaschen<\/p>","protected":false},"excerpt":{"rendered":"<p>Coffret en bois OSB (vide). Id\u00e9al pour contenir une s\u00e9lection de 2 ou 3 bouteilles de 50cl pr\u00e9alablement choisi.<\/p>","protected":false},"featured_media":5571,"template":"","meta":[],"product_brand":[],"product_cat":[67],"product_tag":[],"class_list":{"0":"post-5570","1":"product","2":"type-product","3":"status-publish","4":"has-post-thumbnail","6":"product_cat-emballages","8":"first","9":"instock","10":"shipping-taxable","11":"purchasable","12":"product-type-simple"},"jetpack_sharing_enabled":true,"_links":{"self":[{"href":"https:\/\/o2vie-distillerie.ch\/de\/wp-json\/wp\/v2\/product\/5570","targetHints":{"allow":["GET"]}}],"collection":[{"href":"https:\/\/o2vie-distillerie.ch\/de\/wp-json\/wp\/v2\/product"}],"about":[{"href":"https:\/\/o2vie-distillerie.ch\/de\/wp-json\/wp\/v2\/types\/product"}],"wp:featuredmedia":[{"embeddable":true,"href":"https:\/\/o2vie-distillerie.ch\/de\/wp-json\/wp\/v2\/media\/5571"}],"wp:attachment":[{"href":"https:\/\/o2vie-distillerie.ch\/de\/wp-json\/wp\/v2\/media?parent=5570"}],"wp:term":[{"taxonomy":"product_brand","embeddable":true,"href":"https:\/\/o2vie-distillerie.ch\/de\/wp-json\/wp\/v2\/product_brand?post=5570"},{"taxonomy":"product_cat","embeddable":true,"href":"https:\/\/o2vie-distillerie.ch\/de\/wp-json\/wp\/v2\/product_cat?post=5570"},{"taxonomy":"product_tag","embeddable":true,"href":"https:\/\/o2vie-distillerie.ch\/de\/wp-json\/wp\/v2\/product_tag?post=5570"}],"curies":[{"name":"wp","href":"https:\/\/api.w.org\/{rel}","templated":true}]}}