{"id":5640,"date":"2022-05-09T22:13:12","date_gmt":"2022-05-09T20:13:12","guid":{"rendered":"https:\/\/o2vie-distillerie.ch\/?post_type=product&#038;p=5640"},"modified":"2022-05-09T22:15:49","modified_gmt":"2022-05-09T20:15:49","slug":"coffret-en-carton","status":"publish","type":"product","link":"https:\/\/o2vie-distillerie.ch\/de\/fr\/produits\/coffret-en-carton\/","title":{"rendered":"Kartonbox"},"content":{"rendered":"<p>Coffret en carton (vide).<\/p>\n<p>Id\u00e9al pour contenir une s\u00e9lection de 1 ou 2 bouteille(s) de 50cl pr\u00e9alablement choisi.<\/p>","protected":false},"excerpt":{"rendered":"<p>Coffret en carton (vide). Id\u00e9al pour contenir une s\u00e9lection de 1 ou 2 bouteille(s) de 50cl pr\u00e9alablement choisi.<\/p>","protected":false},"featured_media":5391,"template":"","meta":[],"product_brand":[],"product_cat":[67],"product_tag":[],"class_list":{"0":"post-5640","1":"product","2":"type-product","3":"status-publish","4":"has-post-thumbnail","6":"product_cat-emballages","8":"first","9":"instock","10":"shipping-taxable","11":"purchasable","12":"product-type-simple"},"jetpack_sharing_enabled":true,"_links":{"self":[{"href":"https:\/\/o2vie-distillerie.ch\/de\/wp-json\/wp\/v2\/product\/5640","targetHints":{"allow":["GET"]}}],"collection":[{"href":"https:\/\/o2vie-distillerie.ch\/de\/wp-json\/wp\/v2\/product"}],"about":[{"href":"https:\/\/o2vie-distillerie.ch\/de\/wp-json\/wp\/v2\/types\/product"}],"wp:featuredmedia":[{"embeddable":true,"href":"https:\/\/o2vie-distillerie.ch\/de\/wp-json\/wp\/v2\/media\/5391"}],"wp:attachment":[{"href":"https:\/\/o2vie-distillerie.ch\/de\/wp-json\/wp\/v2\/media?parent=5640"}],"wp:term":[{"taxonomy":"product_brand","embeddable":true,"href":"https:\/\/o2vie-distillerie.ch\/de\/wp-json\/wp\/v2\/product_brand?post=5640"},{"taxonomy":"product_cat","embeddable":true,"href":"https:\/\/o2vie-distillerie.ch\/de\/wp-json\/wp\/v2\/product_cat?post=5640"},{"taxonomy":"product_tag","embeddable":true,"href":"https:\/\/o2vie-distillerie.ch\/de\/wp-json\/wp\/v2\/product_tag?post=5640"}],"curies":[{"name":"wp","href":"https:\/\/api.w.org\/{rel}","templated":true}]}}