{"id":5725,"date":"2023-11-29T15:22:29","date_gmt":"2023-11-29T14:22:29","guid":{"rendered":"https:\/\/o2vie-distillerie.ch\/?post_type=product&#038;p=5725"},"modified":"2024-12-16T07:42:23","modified_gmt":"2024-12-16T06:42:23","slug":"sirop-pour-gin-chaud","status":"publish","type":"product","link":"https:\/\/o2vie-distillerie.ch\/de\/fr\/produits\/sirop-pour-gin-chaud\/","title":{"rendered":"Sirop f\u00fcr Gl\u00fchgin"},"content":{"rendered":"<p>Dieser hausgemachte Sirup harmoniert perfekt mit Gin und wird zu einem warmen und tr\u00f6stlichen Cocktail.<\/p>\n<p>Dieser hausgemachte Sirup harmoniert perfekt mit Gin und wird zu einem warmen und tr\u00f6stlichen Cocktail.\n\nRezept:<br \/>\nChauffez 1 volume de sirop et 4 volumes d&rsquo;eau, puis ajoutes 2 volumes de gin o2Vie.<\/p>","protected":false},"excerpt":{"rendered":"<p>Ce sirop fait maison se marie parfaitement avec le gin pour cr\u00e9er un cocktail chaud et r\u00e9confortant. Recette: Chauffez 1 volume de sirop et 4 volumes d&rsquo;eau, puis ajoutes 2 volumes de gin o2Vie.<\/p>","protected":false},"featured_media":5726,"template":"","meta":[],"product_brand":[],"product_cat":[68,20],"product_tag":[65],"class_list":{"0":"post-5725","1":"product","2":"type-product","3":"status-publish","4":"has-post-thumbnail","6":"product_cat-other","7":"product_cat-les-gins","8":"product_tag-gin","10":"first","11":"outofstock","12":"shipping-taxable","13":"purchasable","14":"product-type-simple"},"jetpack_sharing_enabled":true,"_links":{"self":[{"href":"https:\/\/o2vie-distillerie.ch\/de\/wp-json\/wp\/v2\/product\/5725","targetHints":{"allow":["GET"]}}],"collection":[{"href":"https:\/\/o2vie-distillerie.ch\/de\/wp-json\/wp\/v2\/product"}],"about":[{"href":"https:\/\/o2vie-distillerie.ch\/de\/wp-json\/wp\/v2\/types\/product"}],"wp:featuredmedia":[{"embeddable":true,"href":"https:\/\/o2vie-distillerie.ch\/de\/wp-json\/wp\/v2\/media\/5726"}],"wp:attachment":[{"href":"https:\/\/o2vie-distillerie.ch\/de\/wp-json\/wp\/v2\/media?parent=5725"}],"wp:term":[{"taxonomy":"product_brand","embeddable":true,"href":"https:\/\/o2vie-distillerie.ch\/de\/wp-json\/wp\/v2\/product_brand?post=5725"},{"taxonomy":"product_cat","embeddable":true,"href":"https:\/\/o2vie-distillerie.ch\/de\/wp-json\/wp\/v2\/product_cat?post=5725"},{"taxonomy":"product_tag","embeddable":true,"href":"https:\/\/o2vie-distillerie.ch\/de\/wp-json\/wp\/v2\/product_tag?post=5725"}],"curies":[{"name":"wp","href":"https:\/\/api.w.org\/{rel}","templated":true}]}}