{"id":12,"date":"2020-05-03T18:57:56","date_gmt":"2020-05-03T16:57:56","guid":{"rendered":"http:\/\/new.o2vie-distillerie.ch\/?page_id=12"},"modified":"2024-03-30T22:43:10","modified_gmt":"2024-03-30T21:43:10","slug":"accueil","status":"publish","type":"page","link":"https:\/\/o2vie-distillerie.ch\/fr\/","title":{"rendered":"Accueil"},"content":{"rendered":"<div      class=\"vc_row wpb_row section\" style=' text-align:left;'><div class=\" full_section_inner clearfix\"><div class=\"wpb_column vc_column_container vc_col-sm-12\"><div class=\"vc_column-inner\"><div class=\"wpb_wrapper\">\n\t<div class=\"wpb_raw_code wpb_raw_js\" >\n\t\t<div class=\"wpb_wrapper\">\n\t\t\t<script>\njQuery($ => {\n$(window).scroll(function(){\n   $(\".arrow\").css(\"opacity\", 1 - $(window).scrollTop() \/ 250); \n  \/\/250 is fade pixels\n  });\n\nvar path = $(location).attr('pathname');\nconsole.log(path);\n\n});\n\n<\/script>\n\t\t<\/div>\n\t<\/div>\n\n\t<div class=\"wpb_raw_code wpb_content_element wpb_raw_html\" >\n\t\t<div class=\"wpb_wrapper\">\n\t\t\t  <div class=\"arrow bounce\"><i class=\"fa fa-angle-down fa-2x\" aria-hidden=\"true\"><\/i>\n<\/div>\n<div class=\"below\"><\/div>\n\t\t<\/div>\n\t<\/div>\n<\/div><\/div><\/div><\/div><\/div><div      class=\"vc_row wpb_row section icons_div grid_section\" style=' padding-top:33px; padding-bottom:55px; text-align:center;'><div class=\" section_inner clearfix\"><div class='section_inner_margin clearfix'><div class=\"wpb_column vc_column_container vc_col-sm-3\"><div class=\"vc_column-inner vc_custom_1588789240488\"><div class=\"wpb_wrapper\"><div class='eltd_icon_with_title custom_icon_text  normal_icon center' data-icon-hover-color=#e5735c ><div class=\"icon_holder eltd_icon_animationcustom_icon_holder has_hover_icon\" style=\"margin: 0 0 4px 0; transition-delay: 100ms; -webkit-transition-delay: 100ms; -moz-transition-delay: 100ms; -o-transition-delay: 100ms;\"><div class=\"icon_holder_inner\"><div class=\"custom_icon\"><img data-recalc-dims=\"1\" class=\"custom_icon_original\" src=\"https:\/\/i0.wp.com\/o2vie-distillerie.ch\/wp-content\/uploads\/2020\/06\/heart.png?w=1060&#038;ssl=1\" alt=\"\"><img data-recalc-dims=\"1\" class=\"custom_icon_hover\" src=\"https:\/\/i0.wp.com\/o2vie-distillerie.ch\/wp-content\/uploads\/2020\/06\/heart_hover.png?w=1060&#038;ssl=1\" alt=\"\"><\/div><\/div><\/div><div class=\"icon_text_holder\"><div class=\"icon_title_inner_holder\"><h5 class=\"icon_title custom_icon_holder has_hover_icon\" style=\"color: #000000;margin-bottom: 8px;\">Passionn\u00e9<\/h5><div class = \"separator_holder\"><span class=\"separator\" style=\"background-color:#dadada;height:2px;width:25px;float:none;\"><\/span><\/div><\/div><div class=\"icon_text_inner\" style=\"\"><p style='color: #818181'>Des distillats produits avec passion, pour vous.<\/p><\/div><\/div><\/div><\/div><\/div><\/div><div class=\"wpb_column vc_column_container vc_col-sm-3\"><div class=\"vc_column-inner vc_custom_1588856332341\"><div class=\"wpb_wrapper\"><div class='eltd_icon_with_title custom_icon_text  normal_icon center' data-icon-hover-color=#e5735c ><div class=\"icon_holder eltd_icon_animationcustom_icon_holder has_hover_icon\" style=\"margin: 0 0 4px 0; transition-delay: 100ms; -webkit-transition-delay: 100ms; -moz-transition-delay: 100ms; -o-transition-delay: 100ms;\"><div class=\"icon_holder_inner\"><div class=\"custom_icon\"><img data-recalc-dims=\"1\" class=\"custom_icon_original\" src=\"https:\/\/i0.wp.com\/o2vie-distillerie.ch\/wp-content\/uploads\/2020\/05\/pot_black_resize.png?w=1060&#038;ssl=1\" alt=\"\"><img data-recalc-dims=\"1\" class=\"custom_icon_hover\" src=\"https:\/\/i0.wp.com\/o2vie-distillerie.ch\/wp-content\/uploads\/2020\/05\/pot_red_resize.png?w=1060&#038;ssl=1\" alt=\"\"><\/div><\/div><\/div><div class=\"icon_text_holder\"><div class=\"icon_title_inner_holder\"><h5 class=\"icon_title custom_icon_holder has_hover_icon\" style=\"color: #000000;margin-bottom: 8px;\">Artisanal<\/h5><div class = \"separator_holder\"><span class=\"separator\" style=\"background-color:#dadada;height:2px;width:25px;float:none;\"><\/span><\/div><\/div><div class=\"icon_text_inner\" style=\"\"><p style='color: #818181'>Une fabrication artisanale dans le respect des traditions.<\/p><\/div><\/div><\/div><\/div><\/div><\/div><div class=\"wpb_column vc_column_container vc_col-sm-3\"><div class=\"vc_column-inner vc_custom_1588878069014\"><div class=\"wpb_wrapper\"><div class='eltd_icon_with_title custom_icon_text  normal_icon center' data-icon-hover-color=#e5735c ><div class=\"icon_holder eltd_icon_animationcustom_icon_holder has_hover_icon\" style=\"margin: 0 0 4px 0; transition-delay: 100ms; -webkit-transition-delay: 100ms; -moz-transition-delay: 100ms; -o-transition-delay: 100ms;\"><div class=\"icon_holder_inner\"><div class=\"custom_icon\"><img data-recalc-dims=\"1\" class=\"custom_icon_original\" src=\"https:\/\/i0.wp.com\/o2vie-distillerie.ch\/wp-content\/uploads\/2020\/06\/localization.png?w=1060&#038;ssl=1\" alt=\"\"><img data-recalc-dims=\"1\" class=\"custom_icon_hover\" src=\"https:\/\/i0.wp.com\/o2vie-distillerie.ch\/wp-content\/uploads\/2020\/06\/localization_hover.png?w=1060&#038;ssl=1\" alt=\"\"><\/div><\/div><\/div><div class=\"icon_text_holder\"><div class=\"icon_title_inner_holder\"><h5 class=\"icon_title custom_icon_holder has_hover_icon\" style=\"color: #000000;margin-bottom: 8px;\">Local<\/h5><div class = \"separator_holder\"><span class=\"separator\" style=\"background-color:#dadada;height:2px;width:25px;float:none;\"><\/span><\/div><\/div><div class=\"icon_text_inner\" style=\"\"><p style='color: #818181'>Des produits de qualit\u00e9, en collaboration avec des producteurs locaux.<\/p><\/div><\/div><\/div><\/div><\/div><\/div><div class=\"wpb_column vc_column_container vc_col-sm-3\"><div class=\"vc_column-inner vc_custom_1588878079515\"><div class=\"wpb_wrapper\"><div class='eltd_icon_with_title custom_icon_text  normal_icon center' data-icon-hover-color=#e5735c ><div class=\"icon_holder eltd_icon_animationcustom_icon_holder has_hover_icon\" style=\"margin: 0 0 4px 0; transition-delay: 100ms; -webkit-transition-delay: 100ms; -moz-transition-delay: 100ms; -o-transition-delay: 100ms;\"><div class=\"icon_holder_inner\"><div class=\"custom_icon\"><img data-recalc-dims=\"1\" class=\"custom_icon_original\" src=\"https:\/\/i0.wp.com\/o2vie-distillerie.ch\/wp-content\/uploads\/2020\/06\/leaf.png?w=1060&#038;ssl=1\" alt=\"\"><img data-recalc-dims=\"1\" class=\"custom_icon_hover\" src=\"https:\/\/i0.wp.com\/o2vie-distillerie.ch\/wp-content\/uploads\/2020\/06\/leaf_hover.png?w=1060&#038;ssl=1\" alt=\"\"><\/div><\/div><\/div><div class=\"icon_text_holder\"><div class=\"icon_title_inner_holder\"><h5 class=\"icon_title custom_icon_holder has_hover_icon\" style=\"color: #000000;margin-bottom: 8px;\">Ingr\u00e9dients<\/h5><div class = \"separator_holder\"><span class=\"separator\" style=\"background-color:#dadada;height:2px;width:25px;float:none;\"><\/span><\/div><\/div><div class=\"icon_text_inner\" style=\"\"><p style='color: #818181'>Des ingr\u00e9dients naturels : sans colorants, ni conservateurs, ni exhausteurs de go\u00fbt.<\/p><\/div><\/div><\/div><\/div><\/div><\/div><\/div><\/div><\/div><div      class=\"vc_row wpb_row section\" style=' text-align:center;'><div class=\" full_section_inner clearfix\"><div class=\"wpb_column vc_column_container vc_col-sm-12\"><div class=\"vc_column-inner\"><div class=\"wpb_wrapper\"><div class='eltd_elements_holder five_columns responsive_mode_from_1000 alignment_one_column_center' ><div class='eltd_elements_item vertical_alignment_middle horizontal_align_left  ' data-animation='no'><div class='eltd_elements_item_inner'><div class='eltd_elements_item_content eltd_elements_inner_322785505' style='text-align:left;'><div class=\"eltd_image_with_text_over  image_zoom \"><div class=\"shader\"  ><\/div><a class=\"eltd_image_with_text_link_class\" target=\"_self\" href=\"\/product-category\/les-eaux-de-vies\/\"><\/a><img data-recalc-dims=\"1\" decoding=\"async\" src=\"https:\/\/i0.wp.com\/o2vie-distillerie.ch\/wp-content\/uploads\/2020\/05\/carre_eaux_de_vies_black.jpg?w=1060&#038;ssl=1\" alt=\"\" \/><div class=\"front_holder\" ><div class=\"front_holder_inner\" style=\"border:none;\"><div class=\"front_holder_content\"><div class=\"front_side\"><h4 class=\"content_title\" style=\"font-size: 25px;\">Les eaux-de-vie<\/h4><\/div><\/div><\/div><\/div><div class=\"back_holder\" ><div class=\"back_holder_inner\" style=\"border:none;\"><div class=\"back_holder_content\"><div class=\"back_side\"><h4 class=\"content_title\" style=\"font-size: 25px;\">Les eaux-de-vie<\/h4><\/div><\/div><\/div><\/div><\/div><\/div><\/div><\/div><div class='eltd_elements_item vertical_alignment_middle horizontal_align_left  ' data-animation='no'><div class='eltd_elements_item_inner'><div class='eltd_elements_item_content eltd_elements_inner_1847187065' style='text-align:left;'><div class=\"eltd_image_with_text_over  image_zoom \"><div class=\"shader\"  ><\/div><a class=\"eltd_image_with_text_link_class\" target=\"_self\" href=\"\/product-category\/ambrees\/\"><\/a><img data-recalc-dims=\"1\" decoding=\"async\" src=\"https:\/\/i0.wp.com\/o2vie-distillerie.ch\/wp-content\/uploads\/2020\/05\/carre_purno_black.jpg?w=1060&#038;ssl=1\" alt=\"\" \/><div class=\"front_holder\" ><div class=\"front_holder_inner\" style=\"border:none;\"><div class=\"front_holder_content\"><div class=\"front_side\"><h4 class=\"content_title\" style=\"font-size: 25px;\">Les ambr\u00e9es<\/h4><\/div><\/div><\/div><\/div><div class=\"back_holder\" ><div class=\"back_holder_inner\" style=\"border:none;\"><div class=\"back_holder_content\"><div class=\"back_side\"><h4 class=\"content_title\" style=\"font-size: 25px;\">Les ambr\u00e9es<\/h4><\/div><\/div><\/div><\/div><\/div><\/div><\/div><\/div><div class='eltd_elements_item vertical_alignment_middle horizontal_align_left  ' data-animation='no'><div class='eltd_elements_item_inner'><div class='eltd_elements_item_content eltd_elements_inner_1907407163' style='text-align:left;'><div class=\"eltd_image_with_text_over  image_zoom \"><div class=\"shader\"  ><\/div><a class=\"eltd_image_with_text_link_class\" target=\"_self\" href=\"\/product-category\/les-douces\/\"><\/a><img data-recalc-dims=\"1\" decoding=\"async\" src=\"https:\/\/i0.wp.com\/o2vie-distillerie.ch\/wp-content\/uploads\/2020\/05\/carre_douces_black.jpg?w=1060&#038;ssl=1\" alt=\"\" \/><div class=\"front_holder\" ><div class=\"front_holder_inner\" style=\"border:none;\"><div class=\"front_holder_content\"><div class=\"front_side\"><h4 class=\"content_title\" style=\"font-size: 25px;\">Les douces<\/h4><\/div><\/div><\/div><\/div><div class=\"back_holder\" ><div class=\"back_holder_inner\" style=\"border:none;\"><div class=\"back_holder_content\"><div class=\"back_side\"><h4 class=\"content_title\" style=\"font-size: 25px;\">Les douces<\/h4><\/div><\/div><\/div><\/div><\/div><\/div><\/div><\/div><div class='eltd_elements_item vertical_alignment_middle horizontal_align_left  ' data-animation='no'><div class='eltd_elements_item_inner'><div class='eltd_elements_item_content eltd_elements_inner_1367685950' style='text-align:left;'><div class=\"eltd_image_with_text_over  image_zoom \"><div class=\"shader\"  ><\/div><a class=\"eltd_image_with_text_link_class\" target=\"_self\" href=\"\/product-category\/les-gins\/\"><\/a><img data-recalc-dims=\"1\" decoding=\"async\" src=\"https:\/\/i0.wp.com\/o2vie-distillerie.ch\/wp-content\/uploads\/2020\/05\/carre_gin_black.jpg?w=1060&#038;ssl=1\" alt=\"\" \/><div class=\"front_holder\" ><div class=\"front_holder_inner\" style=\"border:none;\"><div class=\"front_holder_content\"><div class=\"front_side\"><h4 class=\"content_title\" style=\"font-size: 25px;\">Les Gins<\/h4><\/div><\/div><\/div><\/div><div class=\"back_holder\" ><div class=\"back_holder_inner\" style=\"border:none;\"><div class=\"back_holder_content\"><div class=\"back_side\"><h4 class=\"content_title\" style=\"font-size: 25px;\">Les Gins<\/h4><\/div><\/div><\/div><\/div><\/div><\/div><\/div><\/div><div class='eltd_elements_item vertical_alignment_middle horizontal_align_left  ' data-animation='no'><div class='eltd_elements_item_inner'><div class='eltd_elements_item_content eltd_elements_inner_1035693224' style='text-align:left;padding:0 0 0 0;'><div class=\"eltd_image_with_text_over  image_zoom \"><div class=\"shader\"  ><\/div><a class=\"eltd_image_with_text_link_class\" target=\"_self\" href=\"\/product-category\/liqueurs\/\"><\/a><img data-recalc-dims=\"1\" decoding=\"async\" src=\"https:\/\/i0.wp.com\/o2vie-distillerie.ch\/wp-content\/uploads\/2020\/05\/carre1_black.jpg?w=1060&#038;ssl=1\" alt=\"\" \/><div class=\"front_holder\" ><div class=\"front_holder_inner\" style=\"border:none;\"><div class=\"front_holder_content\"><div class=\"front_side\"><h4 class=\"content_title\" style=\"font-size: 25px;\">Les Liqueurs<\/h4><\/div><\/div><\/div><\/div><div class=\"back_holder\" ><div class=\"back_holder_inner\" style=\"border:none;\"><div class=\"back_holder_content\"><div class=\"back_side\"><h4 class=\"content_title\" style=\"font-size: 25px;\">Les Liqueurs<\/h4><\/div><\/div><\/div><\/div><\/div><\/div><\/div><\/div><\/div><\/div><\/div><\/div><\/div><\/div>\n","protected":false},"excerpt":{"rendered":"Passionn\u00e9Des distillats produits avec passion, pour vous.ArtisanalUne fabrication artisanale dans le respect des traditions.LocalDes produits de qualit\u00e9, en collaboration avec des producteurs locaux.Ingr\u00e9dientsDes ingr\u00e9dients naturels : sans colorants, ni conservateurs, ni exhausteurs de go\u00fbt.Les eaux-de-vieLes eaux-de-vieLes ambr\u00e9esLes ambr\u00e9esLes doucesLes doucesLes GinsLes GinsLes LiqueursLes Liqueurs","protected":false},"author":1,"featured_media":0,"parent":0,"menu_order":0,"comment_status":"closed","ping_status":"closed","template":"full_width.php","meta":{"footnotes":""},"class_list":["post-12","page","type-page","status-publish","hentry"],"jetpack_sharing_enabled":true,"_links":{"self":[{"href":"https:\/\/o2vie-distillerie.ch\/fr\/wp-json\/wp\/v2\/pages\/12","targetHints":{"allow":["GET"]}}],"collection":[{"href":"https:\/\/o2vie-distillerie.ch\/fr\/wp-json\/wp\/v2\/pages"}],"about":[{"href":"https:\/\/o2vie-distillerie.ch\/fr\/wp-json\/wp\/v2\/types\/page"}],"author":[{"embeddable":true,"href":"https:\/\/o2vie-distillerie.ch\/fr\/wp-json\/wp\/v2\/users\/1"}],"replies":[{"embeddable":true,"href":"https:\/\/o2vie-distillerie.ch\/fr\/wp-json\/wp\/v2\/comments?post=12"}],"version-history":[{"count":64,"href":"https:\/\/o2vie-distillerie.ch\/fr\/wp-json\/wp\/v2\/pages\/12\/revisions"}],"predecessor-version":[{"id":5377,"href":"https:\/\/o2vie-distillerie.ch\/fr\/wp-json\/wp\/v2\/pages\/12\/revisions\/5377"}],"wp:attachment":[{"href":"https:\/\/o2vie-distillerie.ch\/fr\/wp-json\/wp\/v2\/media?parent=12"}],"curies":[{"name":"wp","href":"https:\/\/api.w.org\/{rel}","templated":true}]}}