{"id":209,"date":"2020-05-17T17:58:20","date_gmt":"2020-05-17T15:58:20","guid":{"rendered":"http:\/\/new.o2vie-distillerie.ch\/produit\/import-placeholder-for-5000\/"},"modified":"2025-12-15T22:12:59","modified_gmt":"2025-12-15T21:12:59","slug":"gin-au-genepi","status":"publish","type":"product","link":"https:\/\/o2vie-distillerie.ch\/fr\/fr\/produits\/gin-au-genepi\/","title":{"rendered":"Gin au G\u00e9n\u00e9pi"},"content":{"rendered":"<p>Ce \u201cDistilled Dry Gin\u201d est produit artisanalement. Les 11 ingr\u00e9dients qui le composent, dont le l\u00e9gendaire g\u00e9n\u00e9pi des Alpes, offrent leur caract\u00e8re dans un subtil \u00e9quilibre.<\/p>\n<p>Apr\u00e8s distillation dans un alambic traditionnel, le gin est r\u00e9duit \u00e0 45% vol. afin de valoriser tout son ar\u00f4me.<\/p>\n<p>Notre suggestion:<br \/>\nCe gin \u00e9l\u00e9gant se d\u00e9guste id\u00e9alement pur ou associ\u00e9 \u00e0 un tonic l\u00e9ger et fait maison.\u00a0 Une branche de romarin soulignera \u00e0 merveille ses notes vertes, mais les accords n\u2019ont de limite que votre imagination.<\/p>\n","protected":false},"excerpt":{"rendered":"<p>Ce \u201cDistilled Dry Gin\u201d est produit artisanalement. Les 11 ingr\u00e9dients qui le composent, dont le l\u00e9gendaire g\u00e9n\u00e9pi des Alpes, offrent leur caract\u00e8re dans un subtil \u00e9quilibre. Apr\u00e8s distillation dans un alambic traditionnel, le gin est r\u00e9duit \u00e0 45% vol. afin de valoriser tout son ar\u00f4me&#8230;.<\/p>\n","protected":false},"featured_media":5405,"template":"","meta":[],"product_brand":[],"product_cat":[20],"product_tag":[],"class_list":{"0":"post-209","1":"product","2":"type-product","3":"status-publish","4":"has-post-thumbnail","6":"product_cat-les-gins","8":"first","9":"instock","10":"shipping-taxable","11":"purchasable","12":"product-type-simple"},"jetpack_sharing_enabled":true,"_links":{"self":[{"href":"https:\/\/o2vie-distillerie.ch\/fr\/wp-json\/wp\/v2\/product\/209","targetHints":{"allow":["GET"]}}],"collection":[{"href":"https:\/\/o2vie-distillerie.ch\/fr\/wp-json\/wp\/v2\/product"}],"about":[{"href":"https:\/\/o2vie-distillerie.ch\/fr\/wp-json\/wp\/v2\/types\/product"}],"wp:featuredmedia":[{"embeddable":true,"href":"https:\/\/o2vie-distillerie.ch\/fr\/wp-json\/wp\/v2\/media\/5405"}],"wp:attachment":[{"href":"https:\/\/o2vie-distillerie.ch\/fr\/wp-json\/wp\/v2\/media?parent=209"}],"wp:term":[{"taxonomy":"product_brand","embeddable":true,"href":"https:\/\/o2vie-distillerie.ch\/fr\/wp-json\/wp\/v2\/product_brand?post=209"},{"taxonomy":"product_cat","embeddable":true,"href":"https:\/\/o2vie-distillerie.ch\/fr\/wp-json\/wp\/v2\/product_cat?post=209"},{"taxonomy":"product_tag","embeddable":true,"href":"https:\/\/o2vie-distillerie.ch\/fr\/wp-json\/wp\/v2\/product_tag?post=209"}],"curies":[{"name":"wp","href":"https:\/\/api.w.org\/{rel}","templated":true}]}}