{"id":5719,"date":"2023-11-16T20:59:39","date_gmt":"2023-11-16T19:59:39","guid":{"rendered":"https:\/\/o2vie-distillerie.ch\/?post_type=product&#038;p=5719"},"modified":"2025-12-15T22:11:07","modified_gmt":"2025-12-15T21:11:07","slug":"eau-de-vie-de-marc","status":"publish","type":"product","link":"https:\/\/o2vie-distillerie.ch\/fr\/fr\/produits\/eau-de-vie-de-marc\/","title":{"rendered":"Eau-de-vie de marc"},"content":{"rendered":"<p>La Bernard<\/p>\n<p>Eau-de-vie de marc, issue des c\u00e9pages Muscat et Sauvignon.<br \/>\nUne l\u00e9g\u00e8re mac\u00e9ration de feuilles de chanvre souligne sa personnalit\u00e9 vive et fruit\u00e9e.<\/p>\n<p>Un hommage \u00e0 la richesse et au temp\u00e9rament de notre magnifique canton.<\/p>\n<p>&nbsp;<\/p>\n<p>&nbsp;<\/p>\n","protected":false},"excerpt":{"rendered":"<p>La Bernard Eau-de-vie de marc, issue des c\u00e9pages Muscat et Sauvignon. Une l\u00e9g\u00e8re mac\u00e9ration de feuilles de chanvre souligne sa personnalit\u00e9 vive et fruit\u00e9e. Un hommage \u00e0 la richesse et au temp\u00e9rament de notre magnifique canton. &nbsp; &nbsp;<\/p>\n","protected":false},"featured_media":5902,"template":"","meta":[],"product_brand":[],"product_cat":[18],"product_tag":[],"class_list":{"0":"post-5719","1":"product","2":"type-product","3":"status-publish","4":"has-post-thumbnail","6":"product_cat-les-eaux-de-vies","8":"first","9":"onbackorder","10":"shipping-taxable","11":"purchasable","12":"product-type-simple"},"jetpack_sharing_enabled":true,"_links":{"self":[{"href":"https:\/\/o2vie-distillerie.ch\/fr\/wp-json\/wp\/v2\/product\/5719","targetHints":{"allow":["GET"]}}],"collection":[{"href":"https:\/\/o2vie-distillerie.ch\/fr\/wp-json\/wp\/v2\/product"}],"about":[{"href":"https:\/\/o2vie-distillerie.ch\/fr\/wp-json\/wp\/v2\/types\/product"}],"wp:featuredmedia":[{"embeddable":true,"href":"https:\/\/o2vie-distillerie.ch\/fr\/wp-json\/wp\/v2\/media\/5902"}],"wp:attachment":[{"href":"https:\/\/o2vie-distillerie.ch\/fr\/wp-json\/wp\/v2\/media?parent=5719"}],"wp:term":[{"taxonomy":"product_brand","embeddable":true,"href":"https:\/\/o2vie-distillerie.ch\/fr\/wp-json\/wp\/v2\/product_brand?post=5719"},{"taxonomy":"product_cat","embeddable":true,"href":"https:\/\/o2vie-distillerie.ch\/fr\/wp-json\/wp\/v2\/product_cat?post=5719"},{"taxonomy":"product_tag","embeddable":true,"href":"https:\/\/o2vie-distillerie.ch\/fr\/wp-json\/wp\/v2\/product_tag?post=5719"}],"curies":[{"name":"wp","href":"https:\/\/api.w.org\/{rel}","templated":true}]}}